{"id":242,"date":"2025-04-29T13:38:08","date_gmt":"2025-04-29T11:38:08","guid":{"rendered":"https:\/\/www.liecoeurdesalpes.fr\/?post_type=product&#038;p=242"},"modified":"2025-05-12T17:19:21","modified_gmt":"2025-05-12T15:19:21","slug":"vermouth-n22","status":"publish","type":"product","link":"https:\/\/www.liecoeur-desalpes.fr\/index.php\/produit\/vermouth-n22\/","title":{"rendered":"Vermouth n\u00b022"},"content":{"rendered":"<div class=\"et_d4_element et_pb_section et_pb_section_0  et_pb_css_mix_blend_mode et_section_regular et_block_section\" >\n\t\t\t\t\n\t\t\t\t\n\t\t\t\t\n\t\t\t\t\n\t\t\t\t\n\t\t\t\t\n\t\t\t\t<div class=\"et_d4_element et_pb_row et_pb_row_0  et_pb_css_mix_blend_mode et_block_row\">\n\t\t\t\t<div class=\"et_d4_element et_pb_column_4_4 et_pb_column et_pb_column_0  et_pb_css_mix_blend_mode et-last-child et_block_column\">\n\t\t\t\t\n\t\t\t\t\n\t\t\t\t\n\t\t\t\t\n\t\t\t\t<div class=\"et_pb_module et_d4_element et_pb_wc_breadcrumb et_pb_wc_breadcrumb_0 et_pb_bg_layout_  et_pb_text_align_left\">\n\t\t\t\t\n\t\t\t\t\n\t\t\t\t\n\t\t\t\t\n\t\t\t\t\n\t\t\t\t\n\t\t\t\t<div class=\"et_pb_module_inner\">\n\t\t\t\t\t<nav class=\"woocommerce-breadcrumb\" aria-label=\"Breadcrumb\"><a href=\"https:\/\/www.liecoeur-desalpes.fr\">Accueil<\/a>  \/  <a href=\"https:\/\/www.liecoeur-desalpes.fr\/index.php\/categorie-produit\/liqueur\/\">Liqueur<\/a>  \/  Mandarincello<\/nav>\n\t\t\t\t<\/div>\n\t\t\t<\/div><div class=\"et_pb_module et_d4_element et_pb_wc_cart_notice et_pb_wc_cart_notice_0 woocommerce et_pb_fields_layout_default et_pb_bg_layout_  et_pb_text_align_left\">\n\t\t\t\t\n\t\t\t\t\n\t\t\t\t\n\t\t\t\t\n\t\t\t\t\n\t\t\t\t\n\t\t\t\t<div class=\"et_pb_module_inner\">\n\t\t\t\t\t\n\t\t\t\t<\/div>\n\t\t\t<\/div>\n\t\t\t<\/div>\n\t\t\t\t\n\t\t\t\t\n\t\t\t\t\n\t\t\t\t\n\t\t\t<\/div><div class=\"et_d4_element et_pb_row et_pb_row_1  et_pb_css_mix_blend_mode et_block_row\">\n\t\t\t\t<div class=\"et_d4_element et_pb_column_1_2 et_pb_column et_pb_column_1  et_pb_css_mix_blend_mode et_block_column\">\n\t\t\t\t\n\t\t\t\t\n\t\t\t\t\n\t\t\t\t\n\t\t\t\t<div class=\"et_pb_module et_d4_element et_pb_wc_images et_pb_wc_images_0 et_pb_bg_layout_\">\n\t\t\t\t\n\t\t\t\t\n\t\t\t\t\n\t\t\t\t\n\t\t\t\t\n\t\t\t\t\n\t\t\t\t<div class=\"et_pb_module_inner\">\n\t\t\t\t\t<div class=\"woocommerce-product-gallery woocommerce-product-gallery--with-images woocommerce-product-gallery--columns-4 images\" data-columns=\"4\" style=\"opacity: 0; transition: opacity .25s ease-in-out;\">\n\t<div class=\"woocommerce-product-gallery__wrapper\">\n\t\t<div data-thumb=\"https:\/\/www.liecoeur-desalpes.fr\/wp-content\/uploads\/2025\/04\/PANA5416-100x100.jpeg\" data-thumb-alt=\"Mandarincello\" data-thumb-srcset=\"https:\/\/www.liecoeur-desalpes.fr\/wp-content\/uploads\/2025\/04\/PANA5416-100x100.jpeg 100w, https:\/\/www.liecoeur-desalpes.fr\/wp-content\/uploads\/2025\/04\/PANA5416-150x150.jpeg 150w, https:\/\/www.liecoeur-desalpes.fr\/wp-content\/uploads\/2025\/04\/PANA5416-300x300.jpeg 300w\"  data-thumb-sizes=\"(max-width: 100px) 100vw, 100px\" class=\"woocommerce-product-gallery__image\"><a href=\"https:\/\/www.liecoeur-desalpes.fr\/wp-content\/uploads\/2025\/04\/PANA5416-scaled.jpeg\"><img loading=\"lazy\" decoding=\"async\" width=\"600\" height=\"1000\" src=\"https:\/\/www.liecoeur-desalpes.fr\/wp-content\/uploads\/2025\/04\/PANA5416-600x1000.jpeg\" class=\"wp-post-image\" alt=\"Mandarincello\" data-caption=\"\" data-src=\"https:\/\/www.liecoeur-desalpes.fr\/wp-content\/uploads\/2025\/04\/PANA5416-scaled.jpeg\" data-large_image=\"https:\/\/www.liecoeur-desalpes.fr\/wp-content\/uploads\/2025\/04\/PANA5416-scaled.jpeg\" data-large_image_width=\"1537\" data-large_image_height=\"2560\" srcset=\"https:\/\/www.liecoeur-desalpes.fr\/wp-content\/uploads\/2025\/04\/PANA5416-600x1000.jpeg 600w, https:\/\/www.liecoeur-desalpes.fr\/wp-content\/uploads\/2025\/04\/PANA5416-180x300.jpeg 180w, https:\/\/www.liecoeur-desalpes.fr\/wp-content\/uploads\/2025\/04\/PANA5416-615x1024.jpeg 615w, https:\/\/www.liecoeur-desalpes.fr\/wp-content\/uploads\/2025\/04\/PANA5416-768x1279.jpeg 768w, https:\/\/www.liecoeur-desalpes.fr\/wp-content\/uploads\/2025\/04\/PANA5416-922x1536.jpeg 922w, https:\/\/www.liecoeur-desalpes.fr\/wp-content\/uploads\/2025\/04\/PANA5416-1229x2048.jpeg 1229w, https:\/\/www.liecoeur-desalpes.fr\/wp-content\/uploads\/2025\/04\/PANA5416-1080x1799.jpeg 1080w, https:\/\/www.liecoeur-desalpes.fr\/wp-content\/uploads\/2025\/04\/PANA5416-1280x2132.jpeg 1280w, https:\/\/www.liecoeur-desalpes.fr\/wp-content\/uploads\/2025\/04\/PANA5416-980x1632.jpeg 980w, https:\/\/www.liecoeur-desalpes.fr\/wp-content\/uploads\/2025\/04\/PANA5416-480x799.jpeg 480w, https:\/\/www.liecoeur-desalpes.fr\/wp-content\/uploads\/2025\/04\/PANA5416-scaled.jpeg 1537w\" sizes=\"(max-width: 600px) 100vw, 600px\" \/><\/a><\/div>\t<\/div>\n<\/div>\n\n\t\t\t\t<\/div>\n\t\t\t<\/div>\n\t\t\t<\/div><div class=\"et_d4_element et_pb_column_1_2 et_pb_column et_pb_column_2  et_pb_css_mix_blend_mode et-last-child et_block_column\">\n\t\t\t\t\n\t\t\t\t\n\t\t\t\t\n\t\t\t\t\n\t\t\t\t<div class=\"et_pb_module et_d4_element et_pb_wc_title et_pb_wc_title_0 et_pb_bg_layout_light\">\n\t\t\t\t\n\t\t\t\t\n\t\t\t\t\n\t\t\t\t\n\t\t\t\t\n\t\t\t\t\n\t\t\t\t<div class=\"et_pb_module_inner\">\n\t\t\t\t\t\n\t\t<h1>Mandarincello<\/h1>\n\t\t\t\t<\/div>\n\t\t\t<\/div><div class=\"et_pb_module et_d4_element et_pb_wc_price et_pb_wc_price_0\">\n\t\t\t\t\n\t\t\t\t\n\t\t\t\t\n\t\t\t\t\n\t\t\t\t\n\t\t\t\t\n\t\t\t\t<div class=\"et_pb_module_inner\">\n\t\t\t\t\t<p class=\"price\"><span class=\"woocommerce-Price-amount amount\"><bdi>20,00&nbsp;<span class=\"woocommerce-Price-currencySymbol\">&euro;<\/span><\/bdi><\/span> <small class=\"woocommerce-price-suffix\">TTC<\/small><\/p>\n\n\t\t\t\t<\/div>\n\t\t\t<\/div><div class=\"et_pb_module et_d4_element et_pb_wc_description et_pb_wc_description_0 et_pb_bg_layout_light  et_pb_text_align_left\">\n\t\t\t\t\n\t\t\t\t\n\t\t\t\t\n\t\t\t\t\n\t\t\t\t\n\t\t\t\t\n\t\t\t\t<div class=\"et_pb_module_inner\">\n\t\t\t\t\t<p><strong data-start=\"148\" data-end=\"174\">Mandarincello \u2013 19\u00b0<\/strong><\/p>\n<p><br data-start=\"174\" data-end=\"177\" \/>Une liqueur artisanale \u00e0 la mandarine bio sicilienne, intense et vivifiante.<\/p>\n<p>Du pep\u2019s d\u00e8s la premi\u00e8re gorg\u00e9e, puis une belle longueur en bouche.<\/p>\n<p>\u00c0 servir bien frais, en digestif.<\/p>\n<p>Une explosion d\u2019agrume, \u00e0 savourer bien frais.<\/p>\n\n\t\t\t\t<\/div>\n\t\t\t<\/div><div class=\"et_pb_module et_d4_element et_pb_wc_add_to_cart et_pb_wc_add_to_cart_0 et_pb_hide_input_quantity et_pb_fields_label_position_default et_pb_bg_layout_  et_pb_text_align_left\">\n\t\t\t\t\n\t\t\t\t\n\t\t\t\t\n\t\t\t\t\n\t\t\t\t\n\t\t\t\t\n\t\t\t\t<div class=\"et_pb_module_inner\">\n\t\t\t\t\t\n\t\n\t<form class=\"cart\" action=\"https:\/\/www.liecoeur-desalpes.fr\/index.php\/produit\/mandarincello\/\" method=\"post\" enctype='multipart\/form-data'>\n\t\t\n\t\t<div class=\"quantity\">\n\t\t<label class=\"screen-reader-text\" for=\"quantity_69f298804e21d\">quantit\u00e9 de Mandarincello<\/label>\n\t<input\n\t\ttype=\"number\"\n\t\t\t\tid=\"quantity_69f298804e21d\"\n\t\tclass=\"input-text qty text\"\n\t\tname=\"quantity\"\n\t\tvalue=\"1\"\n\t\taria-label=\"Quantit\u00e9 de produits\"\n\t\t\t\tmin=\"1\"\n\t\t\t\t\t\t\tstep=\"1\"\n\t\t\tplaceholder=\"\"\n\t\t\tinputmode=\"numeric\"\n\t\t\tautocomplete=\"off\"\n\t\t\t\/>\n\t<\/div>\n\n\t\t<button type=\"submit\" name=\"add-to-cart\" value=\"281\" class=\"single_add_to_cart_button button alt\">Ajouter au panier<\/button>\n\n\t\t\t<\/form>\n\n\t\n\n\t\t\t\t<\/div>\n\t\t\t<\/div><div class=\"et_pb_module et_d4_element et_pb_wc_meta et_pb_wc_meta_0 et_pb_bg_layout_ et_pb_wc_meta_layout_inline\">\n\t\t\t\t\n\t\t\t\t\n\t\t\t\t\n\t\t\t\t\n\t\t\t\t\n\t\t\t\t\n\t\t\t\t<div class=\"et_pb_module_inner\">\n\t\t\t\t\t<div class=\"product_meta\">\n\n\t\n\t\n\t<span class=\"posted_in\">Cat\u00e9gorie\u00a0: <a href=\"https:\/\/www.liecoeur-desalpes.fr\/index.php\/categorie-produit\/liqueur\/\" rel=\"tag\">Liqueur<\/a><\/span>\n\t\n\t\n<\/div>\n\n\t\t\t\t<\/div>\n\t\t\t<\/div>\n\t\t\t<\/div>\n\t\t\t\t\n\t\t\t\t\n\t\t\t\t\n\t\t\t\t\n\t\t\t<\/div><div class=\"et_d4_element et_pb_row et_pb_row_2  et_pb_css_mix_blend_mode et_block_row\">\n\t\t\t\t<div class=\"et_d4_element et_pb_column_4_4 et_pb_column et_pb_column_3  et_pb_css_mix_blend_mode et-last-child et_block_column\">\n\t\t\t\t\n\t\t\t\t\n\t\t\t\t\n\t\t\t\t\n\t\t\t\t<div class=\"et_pb_module et_d4_element et_pb_wc_tabs et_pb_wc_tabs_0 et_pb_tabs \" >\n\t\t\t\t\n\t\t\t\t\n\t\t\t\t\n\t\t\t\t\n\t\t\t\t<ul class=\"et_pb_tabs_controls clearfix\">\n\t\t\t\t\t\n\t\t\t\t<\/ul>\n\t\t\t\t<div class=\"et_pb_all_tabs\">\n\t\t\t\t\t\n\t\t\t\t<\/div>\n\t\t\t<\/div><div class=\"et_pb_module et_d4_element et_pb_wc_related_products et_pb_wc_related_products_0 et_pb_bg_layout_  et_pb_css_mix_blend_mode\">\n\t\t\t\t\n\t\t\t\t\n\t\t\t\t\n\t\t\t\t\n\t\t\t\t\n\t\t\t\t\n\t\t\t\t<div class=\"et_pb_module_inner\">\n\t\t\t\t\t\n\t<section class=\"related products\">\n\n\t\t\t\t\t<h2>Produits similaires<\/h2>\n\t\t\t\t<ul class=\"products columns-3\">\n\n\t\t\t\n\t\t\t\t\t<li class=\"product type-product post-281 status-publish first instock product_cat-liqueur has-post-thumbnail taxable shipping-taxable purchasable product-type-simple\">\n\t<a href=\"https:\/\/www.liecoeur-desalpes.fr\/index.php\/produit\/mandarincello\/\" class=\"woocommerce-LoopProduct-link woocommerce-loop-product__link\"><span class=\"et_shop_image\"><img loading=\"lazy\" decoding=\"async\" width=\"300\" height=\"300\" src=\"https:\/\/www.liecoeur-desalpes.fr\/wp-content\/uploads\/2025\/04\/PANA5416-300x300.jpeg\" class=\"attachment-woocommerce_thumbnail size-woocommerce_thumbnail\" alt=\"Mandarincello\" srcset=\"https:\/\/www.liecoeur-desalpes.fr\/wp-content\/uploads\/2025\/04\/PANA5416-300x300.jpeg 300w, https:\/\/www.liecoeur-desalpes.fr\/wp-content\/uploads\/2025\/04\/PANA5416-150x150.jpeg 150w, https:\/\/www.liecoeur-desalpes.fr\/wp-content\/uploads\/2025\/04\/PANA5416-100x100.jpeg 100w\" sizes=\"(max-width: 300px) 100vw, 300px\" \/><span class=\"et_overlay\"><\/span><\/span><h2 class=\"woocommerce-loop-product__title\">Mandarincello<\/h2>\n\t<span class=\"price\"><span class=\"woocommerce-Price-amount amount\"><bdi>20,00&nbsp;<span class=\"woocommerce-Price-currencySymbol\">&euro;<\/span><\/bdi><\/span> <small class=\"woocommerce-price-suffix\">TTC<\/small><\/span>\n<\/a><\/li>\n\n\t\t\t\n\t\t\t\t\t<li class=\"product type-product post-245 status-publish instock product_cat-liqueur has-post-thumbnail taxable shipping-taxable purchasable product-type-simple\">\n\t<a href=\"https:\/\/www.liecoeur-desalpes.fr\/index.php\/produit\/la-petite-cerise-noire\/\" class=\"woocommerce-LoopProduct-link woocommerce-loop-product__link\"><span class=\"et_shop_image\"><img loading=\"lazy\" decoding=\"async\" width=\"300\" height=\"300\" src=\"https:\/\/www.liecoeur-desalpes.fr\/wp-content\/uploads\/2025\/04\/LieCoeur_serieI-1-scaled-300x300.jpg\" class=\"attachment-woocommerce_thumbnail size-woocommerce_thumbnail\" alt=\"La Petite Cerise Noire\" srcset=\"https:\/\/www.liecoeur-desalpes.fr\/wp-content\/uploads\/2025\/04\/LieCoeur_serieI-1-scaled-300x300.jpg 300w, https:\/\/www.liecoeur-desalpes.fr\/wp-content\/uploads\/2025\/04\/LieCoeur_serieI-1-scaled-100x100.jpg 100w, https:\/\/www.liecoeur-desalpes.fr\/wp-content\/uploads\/2025\/04\/LieCoeur_serieI-1-150x150.jpg 150w\" sizes=\"(max-width: 300px) 100vw, 300px\" \/><span class=\"et_overlay\"><\/span><\/span><h2 class=\"woocommerce-loop-product__title\">La Petite Cerise Noire<\/h2>\n\t<span class=\"price\"><span class=\"woocommerce-Price-amount amount\"><bdi>25,00&nbsp;<span class=\"woocommerce-Price-currencySymbol\">&euro;<\/span><\/bdi><\/span> <small class=\"woocommerce-price-suffix\">TTC<\/small><\/span>\n<\/a><\/li>\n\n\t\t\t\n\t\t\t\t\t<li class=\"product type-product post-244 status-publish last instock product_cat-liqueur has-post-thumbnail taxable shipping-taxable purchasable product-type-simple\">\n\t<a href=\"https:\/\/www.liecoeur-desalpes.fr\/index.php\/produit\/belle-surise\/\" class=\"woocommerce-LoopProduct-link woocommerce-loop-product__link\"><span class=\"et_shop_image\"><img loading=\"lazy\" decoding=\"async\" width=\"300\" height=\"300\" src=\"https:\/\/www.liecoeur-desalpes.fr\/wp-content\/uploads\/2025\/04\/surise-300x300.jpg\" class=\"attachment-woocommerce_thumbnail size-woocommerce_thumbnail\" alt=\"Belle Sur\u2019ise\" \/><span class=\"et_overlay\"><\/span><\/span><h2 class=\"woocommerce-loop-product__title\">Belle Sur\u2019ise<\/h2>\n\t<span class=\"price\"><span class=\"woocommerce-Price-amount amount\"><bdi>27,00&nbsp;<span class=\"woocommerce-Price-currencySymbol\">&euro;<\/span><\/bdi><\/span> <small class=\"woocommerce-price-suffix\">TTC<\/small><\/span>\n<\/a><\/li>\n\n\t\t\t\n\t\t<\/ul>\n\n\t<\/section>\n\t\n\t\t\t\t<\/div>\n\t\t\t<\/div>\n\t\t\t<\/div>\n\t\t\t\t\n\t\t\t\t\n\t\t\t\t\n\t\t\t\t\n\t\t\t<\/div>\n\t\t\t\t\n\t\t\t\t\n\t\t\t<\/div>\n","protected":false},"excerpt":{"rendered":"<p><strong data-start=\"148\" data-end=\"183\">Vermouth blanc, 16,5\u00b0<\/strong><\/p>\n<p>Un vermouth blanc demi-sec au caract\u00e8re unique, n\u00e9 du 22e essai d\u2019une s\u00e9rie exigeante.<\/p>\n<p>Notes d\u2019orange, de cannelle et de plantes aromatiques pour une bouche fra\u00eeche, vive et subtilement am\u00e8re.<\/p>\n<p>\u00c0 savourer frais, sur glace ou chambr\u00e9, \u00e0 l\u2019ap\u00e9ritif comme en digestif.<\/p>\n","protected":false},"featured_media":36,"comment_status":"closed","ping_status":"closed","template":"","meta":{"_et_pb_use_builder":"on","_et_pb_old_content":"<h3 class=\"\" data-start=\"137\" data-end=\"169\">Vermouth n\u00b022 \u2013 Blanc, 16,5\u00b0<\/h3>\r\n<p class=\"\" data-start=\"171\" data-end=\"490\">D\u00e9couvrez le Vermouth n\u00b022, un vermouth blanc demi-sec au caract\u00e8re affirm\u00e9. \u00c9quilibr\u00e9, vif et d\u00e9licatement amer, il s\u00e9duit par ses notes d\u2019orange, de cannelle et de plantes aromatiques. Un v\u00e9ritable vin fortifi\u00e9 de d\u00e9gustation, \u00e9labor\u00e9 avec soin pour offrir un parfait \u00e9quilibre entre fra\u00eecheur, complexit\u00e9 et finesse.<\/p>\r\n<p class=\"\" data-start=\"492\" data-end=\"627\">Pourquoi <strong data-start=\"501\" data-end=\"509\">n\u00b022<\/strong> ? Parce que c\u2019est le 22e essai \u2013 celui qui a surpass\u00e9 plus de 50 versions test\u00e9es pour atteindre l\u2019harmonie parfaite.<\/p>\r\n<p class=\"\" data-start=\"629\" data-end=\"771\">Inspir\u00e9 du mot allemand <em data-start=\"653\" data-end=\"661\">Wermut<\/em> (absinthe), le vermouth est un vin infus\u00e9 aux plantes, une tradition r\u00e9invent\u00e9e ici avec modernit\u00e9 et audace.<\/p>\r\n<p class=\"\" data-start=\"773\" data-end=\"1002\"><strong data-start=\"773\" data-end=\"802\">Conseils de d\u00e9gustation :<\/strong><br data-start=\"802\" data-end=\"805\" \/>\u00c0 servir frais, sur glace, ou m\u00eame chambr\u00e9 \u00e0 18\u00b0C selon vos pr\u00e9f\u00e9rences. Le Vermouth n\u00b022 est id\u00e9al \u00e0 l\u2019ap\u00e9ritif, mais peut \u00e9galement surprendre en digestif gr\u00e2ce \u00e0 sa belle persistance aromatique.<\/p>","_et_gb_content_width":""},"product_brand":[],"product_cat":[22],"product_tag":[],"class_list":{"0":"post-242","1":"product","2":"type-product","3":"status-publish","4":"has-post-thumbnail","6":"product_cat-liqueur","8":"first","9":"instock","10":"taxable","11":"shipping-taxable","12":"purchasable","13":"product-type-simple"},"_links":{"self":[{"href":"https:\/\/www.liecoeur-desalpes.fr\/index.php\/wp-json\/wp\/v2\/product\/242","targetHints":{"allow":["GET"]}}],"collection":[{"href":"https:\/\/www.liecoeur-desalpes.fr\/index.php\/wp-json\/wp\/v2\/product"}],"about":[{"href":"https:\/\/www.liecoeur-desalpes.fr\/index.php\/wp-json\/wp\/v2\/types\/product"}],"replies":[{"embeddable":true,"href":"https:\/\/www.liecoeur-desalpes.fr\/index.php\/wp-json\/wp\/v2\/comments?post=242"}],"wp:featuredmedia":[{"embeddable":true,"href":"https:\/\/www.liecoeur-desalpes.fr\/index.php\/wp-json\/wp\/v2\/media\/36"}],"wp:attachment":[{"href":"https:\/\/www.liecoeur-desalpes.fr\/index.php\/wp-json\/wp\/v2\/media?parent=242"}],"wp:term":[{"taxonomy":"product_brand","embeddable":true,"href":"https:\/\/www.liecoeur-desalpes.fr\/index.php\/wp-json\/wp\/v2\/product_brand?post=242"},{"taxonomy":"product_cat","embeddable":true,"href":"https:\/\/www.liecoeur-desalpes.fr\/index.php\/wp-json\/wp\/v2\/product_cat?post=242"},{"taxonomy":"product_tag","embeddable":true,"href":"https:\/\/www.liecoeur-desalpes.fr\/index.php\/wp-json\/wp\/v2\/product_tag?post=242"}],"curies":[{"name":"wp","href":"https:\/\/api.w.org\/{rel}","templated":true}]}}