{"id":244,"date":"2025-04-29T15:16:40","date_gmt":"2025-04-29T13:16:40","guid":{"rendered":"https:\/\/www.liecoeurdesalpes.fr\/?post_type=product&#038;p=244"},"modified":"2025-05-12T17:18:21","modified_gmt":"2025-05-12T15:18:21","slug":"belle-surise","status":"publish","type":"product","link":"https:\/\/www.liecoeur-desalpes.fr\/index.php\/produit\/belle-surise\/","title":{"rendered":"Belle Sur\u2019ise"},"content":{"rendered":"<div class=\"et_d4_element et_pb_section et_pb_section_0  et_pb_css_mix_blend_mode et_section_regular et_block_section\" >\n\t\t\t\t\n\t\t\t\t\n\t\t\t\t\n\t\t\t\t\n\t\t\t\t\n\t\t\t\t\n\t\t\t\t<div class=\"et_d4_element et_pb_row et_pb_row_0  et_pb_css_mix_blend_mode et_block_row\">\n\t\t\t\t<div class=\"et_d4_element et_pb_column_4_4 et_pb_column et_pb_column_0  et_pb_css_mix_blend_mode et-last-child et_block_column\">\n\t\t\t\t\n\t\t\t\t\n\t\t\t\t\n\t\t\t\t\n\t\t\t\t<div class=\"et_pb_module et_d4_element et_pb_wc_breadcrumb et_pb_wc_breadcrumb_0 et_pb_bg_layout_  et_pb_text_align_left\">\n\t\t\t\t\n\t\t\t\t\n\t\t\t\t\n\t\t\t\t\n\t\t\t\t\n\t\t\t\t\n\t\t\t\t<div class=\"et_pb_module_inner\">\n\t\t\t\t\t<nav class=\"woocommerce-breadcrumb\" aria-label=\"Breadcrumb\"><a href=\"https:\/\/www.liecoeur-desalpes.fr\">Accueil<\/a>  \/  <a href=\"https:\/\/www.liecoeur-desalpes.fr\/index.php\/categorie-produit\/liqueur\/\">Liqueur<\/a>  \/  Mandarincello<\/nav>\n\t\t\t\t<\/div>\n\t\t\t<\/div><div class=\"et_pb_module et_d4_element et_pb_wc_cart_notice et_pb_wc_cart_notice_0 woocommerce et_pb_fields_layout_default et_pb_bg_layout_  et_pb_text_align_left\">\n\t\t\t\t\n\t\t\t\t\n\t\t\t\t\n\t\t\t\t\n\t\t\t\t\n\t\t\t\t\n\t\t\t\t<div class=\"et_pb_module_inner\">\n\t\t\t\t\t\n\t\t\t\t<\/div>\n\t\t\t<\/div>\n\t\t\t<\/div>\n\t\t\t\t\n\t\t\t\t\n\t\t\t\t\n\t\t\t\t\n\t\t\t<\/div><div class=\"et_d4_element et_pb_row et_pb_row_1  et_pb_css_mix_blend_mode et_block_row\">\n\t\t\t\t<div class=\"et_d4_element et_pb_column_1_2 et_pb_column et_pb_column_1  et_pb_css_mix_blend_mode et_block_column\">\n\t\t\t\t\n\t\t\t\t\n\t\t\t\t\n\t\t\t\t\n\t\t\t\t<div class=\"et_pb_module et_d4_element et_pb_wc_images et_pb_wc_images_0 et_pb_bg_layout_\">\n\t\t\t\t\n\t\t\t\t\n\t\t\t\t\n\t\t\t\t\n\t\t\t\t\n\t\t\t\t\n\t\t\t\t<div class=\"et_pb_module_inner\">\n\t\t\t\t\t<div class=\"woocommerce-product-gallery woocommerce-product-gallery--with-images woocommerce-product-gallery--columns-4 images\" data-columns=\"4\" style=\"opacity: 0; transition: opacity .25s ease-in-out;\">\n\t<div class=\"woocommerce-product-gallery__wrapper\">\n\t\t<div data-thumb=\"https:\/\/www.liecoeur-desalpes.fr\/wp-content\/uploads\/2025\/04\/PANA5416-100x100.jpeg\" data-thumb-alt=\"Mandarincello\" data-thumb-srcset=\"https:\/\/www.liecoeur-desalpes.fr\/wp-content\/uploads\/2025\/04\/PANA5416-100x100.jpeg 100w, https:\/\/www.liecoeur-desalpes.fr\/wp-content\/uploads\/2025\/04\/PANA5416-150x150.jpeg 150w, https:\/\/www.liecoeur-desalpes.fr\/wp-content\/uploads\/2025\/04\/PANA5416-300x300.jpeg 300w\"  data-thumb-sizes=\"(max-width: 100px) 100vw, 100px\" class=\"woocommerce-product-gallery__image\"><a href=\"https:\/\/www.liecoeur-desalpes.fr\/wp-content\/uploads\/2025\/04\/PANA5416-scaled.jpeg\"><img loading=\"lazy\" decoding=\"async\" width=\"600\" height=\"1000\" src=\"https:\/\/www.liecoeur-desalpes.fr\/wp-content\/uploads\/2025\/04\/PANA5416-600x1000.jpeg\" class=\"wp-post-image\" alt=\"Mandarincello\" data-caption=\"\" data-src=\"https:\/\/www.liecoeur-desalpes.fr\/wp-content\/uploads\/2025\/04\/PANA5416-scaled.jpeg\" data-large_image=\"https:\/\/www.liecoeur-desalpes.fr\/wp-content\/uploads\/2025\/04\/PANA5416-scaled.jpeg\" data-large_image_width=\"1537\" data-large_image_height=\"2560\" srcset=\"https:\/\/www.liecoeur-desalpes.fr\/wp-content\/uploads\/2025\/04\/PANA5416-600x1000.jpeg 600w, https:\/\/www.liecoeur-desalpes.fr\/wp-content\/uploads\/2025\/04\/PANA5416-180x300.jpeg 180w, https:\/\/www.liecoeur-desalpes.fr\/wp-content\/uploads\/2025\/04\/PANA5416-615x1024.jpeg 615w, https:\/\/www.liecoeur-desalpes.fr\/wp-content\/uploads\/2025\/04\/PANA5416-768x1279.jpeg 768w, https:\/\/www.liecoeur-desalpes.fr\/wp-content\/uploads\/2025\/04\/PANA5416-922x1536.jpeg 922w, https:\/\/www.liecoeur-desalpes.fr\/wp-content\/uploads\/2025\/04\/PANA5416-1229x2048.jpeg 1229w, https:\/\/www.liecoeur-desalpes.fr\/wp-content\/uploads\/2025\/04\/PANA5416-1080x1799.jpeg 1080w, https:\/\/www.liecoeur-desalpes.fr\/wp-content\/uploads\/2025\/04\/PANA5416-1280x2132.jpeg 1280w, https:\/\/www.liecoeur-desalpes.fr\/wp-content\/uploads\/2025\/04\/PANA5416-980x1632.jpeg 980w, https:\/\/www.liecoeur-desalpes.fr\/wp-content\/uploads\/2025\/04\/PANA5416-480x799.jpeg 480w, https:\/\/www.liecoeur-desalpes.fr\/wp-content\/uploads\/2025\/04\/PANA5416-scaled.jpeg 1537w\" sizes=\"(max-width: 600px) 100vw, 600px\" \/><\/a><\/div>\t<\/div>\n<\/div>\n\n\t\t\t\t<\/div>\n\t\t\t<\/div>\n\t\t\t<\/div><div class=\"et_d4_element et_pb_column_1_2 et_pb_column et_pb_column_2  et_pb_css_mix_blend_mode et-last-child et_block_column\">\n\t\t\t\t\n\t\t\t\t\n\t\t\t\t\n\t\t\t\t\n\t\t\t\t<div class=\"et_pb_module et_d4_element et_pb_wc_title et_pb_wc_title_0 et_pb_bg_layout_light\">\n\t\t\t\t\n\t\t\t\t\n\t\t\t\t\n\t\t\t\t\n\t\t\t\t\n\t\t\t\t\n\t\t\t\t<div class=\"et_pb_module_inner\">\n\t\t\t\t\t\n\t\t<h1>Mandarincello<\/h1>\n\t\t\t\t<\/div>\n\t\t\t<\/div><div class=\"et_pb_module et_d4_element et_pb_wc_price et_pb_wc_price_0\">\n\t\t\t\t\n\t\t\t\t\n\t\t\t\t\n\t\t\t\t\n\t\t\t\t\n\t\t\t\t\n\t\t\t\t<div class=\"et_pb_module_inner\">\n\t\t\t\t\t<p class=\"price\"><span class=\"woocommerce-Price-amount amount\"><bdi>20,00&nbsp;<span class=\"woocommerce-Price-currencySymbol\">&euro;<\/span><\/bdi><\/span> <small class=\"woocommerce-price-suffix\">TTC<\/small><\/p>\n\n\t\t\t\t<\/div>\n\t\t\t<\/div><div class=\"et_pb_module et_d4_element et_pb_wc_description et_pb_wc_description_0 et_pb_bg_layout_light  et_pb_text_align_left\">\n\t\t\t\t\n\t\t\t\t\n\t\t\t\t\n\t\t\t\t\n\t\t\t\t\n\t\t\t\t\n\t\t\t\t<div class=\"et_pb_module_inner\">\n\t\t\t\t\t<p><strong data-start=\"148\" data-end=\"174\">Mandarincello \u2013 19\u00b0<\/strong><\/p>\n<p><br data-start=\"174\" data-end=\"177\" \/>Une liqueur artisanale \u00e0 la mandarine bio sicilienne, intense et vivifiante.<\/p>\n<p>Du pep\u2019s d\u00e8s la premi\u00e8re gorg\u00e9e, puis une belle longueur en bouche.<\/p>\n<p>\u00c0 servir bien frais, en digestif.<\/p>\n<p>Une explosion d\u2019agrume, \u00e0 savourer bien frais.<\/p>\n\n\t\t\t\t<\/div>\n\t\t\t<\/div><div class=\"et_pb_module et_d4_element et_pb_wc_add_to_cart et_pb_wc_add_to_cart_0 et_pb_hide_input_quantity et_pb_fields_label_position_default et_pb_bg_layout_  et_pb_text_align_left\">\n\t\t\t\t\n\t\t\t\t\n\t\t\t\t\n\t\t\t\t\n\t\t\t\t\n\t\t\t\t\n\t\t\t\t<div class=\"et_pb_module_inner\">\n\t\t\t\t\t\n\t\n\t<form class=\"cart\" action=\"https:\/\/www.liecoeur-desalpes.fr\/index.php\/produit\/mandarincello\/\" method=\"post\" enctype='multipart\/form-data'>\n\t\t\n\t\t<div class=\"quantity\">\n\t\t<label class=\"screen-reader-text\" for=\"quantity_69f295819698d\">quantit\u00e9 de Mandarincello<\/label>\n\t<input\n\t\ttype=\"number\"\n\t\t\t\tid=\"quantity_69f295819698d\"\n\t\tclass=\"input-text qty text\"\n\t\tname=\"quantity\"\n\t\tvalue=\"1\"\n\t\taria-label=\"Quantit\u00e9 de produits\"\n\t\t\t\tmin=\"1\"\n\t\t\t\t\t\t\tstep=\"1\"\n\t\t\tplaceholder=\"\"\n\t\t\tinputmode=\"numeric\"\n\t\t\tautocomplete=\"off\"\n\t\t\t\/>\n\t<\/div>\n\n\t\t<button type=\"submit\" name=\"add-to-cart\" value=\"281\" class=\"single_add_to_cart_button button alt\">Ajouter au panier<\/button>\n\n\t\t\t<\/form>\n\n\t\n\n\t\t\t\t<\/div>\n\t\t\t<\/div><div class=\"et_pb_module et_d4_element et_pb_wc_meta et_pb_wc_meta_0 et_pb_bg_layout_ et_pb_wc_meta_layout_inline\">\n\t\t\t\t\n\t\t\t\t\n\t\t\t\t\n\t\t\t\t\n\t\t\t\t\n\t\t\t\t\n\t\t\t\t<div class=\"et_pb_module_inner\">\n\t\t\t\t\t<div class=\"product_meta\">\n\n\t\n\t\n\t<span class=\"posted_in\">Cat\u00e9gorie\u00a0: <a href=\"https:\/\/www.liecoeur-desalpes.fr\/index.php\/categorie-produit\/liqueur\/\" rel=\"tag\">Liqueur<\/a><\/span>\n\t\n\t\n<\/div>\n\n\t\t\t\t<\/div>\n\t\t\t<\/div>\n\t\t\t<\/div>\n\t\t\t\t\n\t\t\t\t\n\t\t\t\t\n\t\t\t\t\n\t\t\t<\/div><div class=\"et_d4_element et_pb_row et_pb_row_2  et_pb_css_mix_blend_mode et_block_row\">\n\t\t\t\t<div class=\"et_d4_element et_pb_column_4_4 et_pb_column et_pb_column_3  et_pb_css_mix_blend_mode et-last-child et_block_column\">\n\t\t\t\t\n\t\t\t\t\n\t\t\t\t\n\t\t\t\t\n\t\t\t\t<div class=\"et_pb_module et_d4_element et_pb_wc_tabs et_pb_wc_tabs_0 et_pb_tabs \" >\n\t\t\t\t\n\t\t\t\t\n\t\t\t\t\n\t\t\t\t\n\t\t\t\t<ul class=\"et_pb_tabs_controls clearfix\">\n\t\t\t\t\t\n\t\t\t\t<\/ul>\n\t\t\t\t<div class=\"et_pb_all_tabs\">\n\t\t\t\t\t\n\t\t\t\t<\/div>\n\t\t\t<\/div><div class=\"et_pb_module et_d4_element et_pb_wc_related_products et_pb_wc_related_products_0 et_pb_bg_layout_  et_pb_css_mix_blend_mode\">\n\t\t\t\t\n\t\t\t\t\n\t\t\t\t\n\t\t\t\t\n\t\t\t\t\n\t\t\t\t\n\t\t\t\t<div class=\"et_pb_module_inner\">\n\t\t\t\t\t\n\t<section class=\"related products\">\n\n\t\t\t\t\t<h2>Produits similaires<\/h2>\n\t\t\t\t<ul class=\"products columns-3\">\n\n\t\t\t\n\t\t\t\t\t<li class=\"product type-product post-280 status-publish first instock product_cat-liqueur has-post-thumbnail taxable shipping-taxable purchasable product-type-simple\">\n\t<a href=\"https:\/\/www.liecoeur-desalpes.fr\/index.php\/produit\/noix-epicee\/\" class=\"woocommerce-LoopProduct-link woocommerce-loop-product__link\"><span class=\"et_shop_image\"><img loading=\"lazy\" decoding=\"async\" width=\"300\" height=\"300\" src=\"https:\/\/www.liecoeur-desalpes.fr\/wp-content\/uploads\/2025\/04\/LieCoeur_serieI-2-scaled-300x300.jpg\" class=\"attachment-woocommerce_thumbnail size-woocommerce_thumbnail\" alt=\"Noix \u00c9pic\u00e9e\" srcset=\"https:\/\/www.liecoeur-desalpes.fr\/wp-content\/uploads\/2025\/04\/LieCoeur_serieI-2-scaled-300x300.jpg 300w, https:\/\/www.liecoeur-desalpes.fr\/wp-content\/uploads\/2025\/04\/LieCoeur_serieI-2-scaled-100x100.jpg 100w, https:\/\/www.liecoeur-desalpes.fr\/wp-content\/uploads\/2025\/04\/LieCoeur_serieI-2-150x150.jpg 150w\" sizes=\"(max-width: 300px) 100vw, 300px\" \/><span class=\"et_overlay\"><\/span><\/span><h2 class=\"woocommerce-loop-product__title\">Noix \u00c9pic\u00e9e<\/h2>\n\t<span class=\"price\"><span class=\"woocommerce-Price-amount amount\"><bdi>24,50&nbsp;<span class=\"woocommerce-Price-currencySymbol\">&euro;<\/span><\/bdi><\/span> <small class=\"woocommerce-price-suffix\">TTC<\/small><\/span>\n<\/a><\/li>\n\n\t\t\t\n\t\t\t\t\t<li class=\"product type-product post-242 status-publish instock product_cat-liqueur has-post-thumbnail taxable shipping-taxable purchasable product-type-simple\">\n\t<a href=\"https:\/\/www.liecoeur-desalpes.fr\/index.php\/produit\/vermouth-n22\/\" class=\"woocommerce-LoopProduct-link woocommerce-loop-product__link\"><span class=\"et_shop_image\"><img loading=\"lazy\" decoding=\"async\" width=\"300\" height=\"300\" src=\"https:\/\/www.liecoeur-desalpes.fr\/wp-content\/uploads\/2025\/04\/LieCoeur_serieI-5-scaled-300x300.jpg\" class=\"attachment-woocommerce_thumbnail size-woocommerce_thumbnail\" alt=\"Vermouth n\u00b022\" srcset=\"https:\/\/www.liecoeur-desalpes.fr\/wp-content\/uploads\/2025\/04\/LieCoeur_serieI-5-scaled-300x300.jpg 300w, https:\/\/www.liecoeur-desalpes.fr\/wp-content\/uploads\/2025\/04\/LieCoeur_serieI-5-scaled-100x100.jpg 100w, https:\/\/www.liecoeur-desalpes.fr\/wp-content\/uploads\/2025\/04\/LieCoeur_serieI-5-150x150.jpg 150w\" sizes=\"(max-width: 300px) 100vw, 300px\" \/><span class=\"et_overlay\"><\/span><\/span><h2 class=\"woocommerce-loop-product__title\">Vermouth n\u00b022<\/h2>\n\t<span class=\"price\"><span class=\"woocommerce-Price-amount amount\"><bdi>23,00&nbsp;<span class=\"woocommerce-Price-currencySymbol\">&euro;<\/span><\/bdi><\/span> <small class=\"woocommerce-price-suffix\">TTC<\/small><\/span>\n<\/a><\/li>\n\n\t\t\t\n\t\t\t\t\t<li class=\"product type-product post-245 status-publish last instock product_cat-liqueur has-post-thumbnail taxable shipping-taxable purchasable product-type-simple\">\n\t<a href=\"https:\/\/www.liecoeur-desalpes.fr\/index.php\/produit\/la-petite-cerise-noire\/\" class=\"woocommerce-LoopProduct-link woocommerce-loop-product__link\"><span class=\"et_shop_image\"><img loading=\"lazy\" decoding=\"async\" width=\"300\" height=\"300\" src=\"https:\/\/www.liecoeur-desalpes.fr\/wp-content\/uploads\/2025\/04\/LieCoeur_serieI-1-scaled-300x300.jpg\" class=\"attachment-woocommerce_thumbnail size-woocommerce_thumbnail\" alt=\"La Petite Cerise Noire\" srcset=\"https:\/\/www.liecoeur-desalpes.fr\/wp-content\/uploads\/2025\/04\/LieCoeur_serieI-1-scaled-300x300.jpg 300w, https:\/\/www.liecoeur-desalpes.fr\/wp-content\/uploads\/2025\/04\/LieCoeur_serieI-1-scaled-100x100.jpg 100w, https:\/\/www.liecoeur-desalpes.fr\/wp-content\/uploads\/2025\/04\/LieCoeur_serieI-1-150x150.jpg 150w\" sizes=\"(max-width: 300px) 100vw, 300px\" \/><span class=\"et_overlay\"><\/span><\/span><h2 class=\"woocommerce-loop-product__title\">La Petite Cerise Noire<\/h2>\n\t<span class=\"price\"><span class=\"woocommerce-Price-amount amount\"><bdi>25,00&nbsp;<span class=\"woocommerce-Price-currencySymbol\">&euro;<\/span><\/bdi><\/span> <small class=\"woocommerce-price-suffix\">TTC<\/small><\/span>\n<\/a><\/li>\n\n\t\t\t\n\t\t<\/ul>\n\n\t<\/section>\n\t\n\t\t\t\t<\/div>\n\t\t\t<\/div>\n\t\t\t<\/div>\n\t\t\t\t\n\t\t\t\t\n\t\t\t\t\n\t\t\t\t\n\t\t\t<\/div>\n\t\t\t\t\n\t\t\t\t\n\t\t\t<\/div>\n","protected":false},"excerpt":{"rendered":"<p><strong data-start=\"138\" data-end=\"166\">Ap\u00e9ritif au Sureau &amp; \u00e0 la Cerise \u2013 16,5\u00b0<\/strong><\/p>\n<p><br data-start=\"166\" data-end=\"169\" \/>Un ap\u00e9ritif floral et fruit\u00e9, n\u00e9 de l\u2019union d\u00e9licate du sureau et de la cerise.<\/p>\n<p>Notes de litchi au nez, bouquet floral en bouche, sans lourdeur ni sucre superflu.<\/p>\n<p>Fleurs cueillies \u00e0 la main autour de Grenoble.<\/p>\n<p>\u00c0 savourer frais, sans gla\u00e7on.<\/p>\n","protected":false},"featured_media":279,"comment_status":"closed","ping_status":"closed","template":"","meta":{"_et_pb_use_builder":"on","_et_pb_old_content":"<h3 class=\"\" data-start=\"416\" data-end=\"476\">Belle Sur\u2019ise \u2013 Ap\u00e9ritif au Sureau &amp; \u00e0 la Cerise \u2013 16,5\u00b0<\/h3>\r\n<p class=\"\" data-start=\"478\" data-end=\"708\"><strong data-start=\"478\" data-end=\"507\">Florale, fruit\u00e9e, locale.<\/strong><br data-start=\"507\" data-end=\"510\" \/>Belle Sur\u2019ise est un ap\u00e9ritif unique, issu de l\u2019assemblage raffin\u00e9 d\u2019un vin au sureau et d\u2019un vin \u00e0 la cerise. Le r\u00e9sultat ? Un \u00e9quilibre subtil entre la fra\u00eecheur des fleurs et la rondeur du fruit.<\/p>\r\n<p class=\"\" data-start=\"710\" data-end=\"892\">Au nez, des notes \u00e9l\u00e9gantes de litchi \u2014 sans en contenir \u2014 provenant du vieillissement du sureau. En bouche, une grande finesse florale, avec une belle longueur, sans exc\u00e8s de sucre.<\/p>\r\n<p class=\"\" data-start=\"894\" data-end=\"1110\">Les fleurs de sureau sont r\u00e9colt\u00e9es \u00e0 la main autour de Grenoble, en prenant soin de retirer leur partie verte (pour \u00e9viter toute amertume), doublant ainsi le temps de cueillette... mais aussi la qualit\u00e9 du r\u00e9sultat.<\/p>\r\n<p class=\"\" data-start=\"1112\" data-end=\"1248\"><strong data-start=\"1112\" data-end=\"1141\">Conseils de d\u00e9gustation :<\/strong><br data-start=\"1141\" data-end=\"1144\" \/>\u00c0 servir frais, sans gla\u00e7on, pour pr\u00e9server ses ar\u00f4mes d\u00e9licats. \u00c0 d\u00e9guster principalement \u00e0 l\u2019ap\u00e9ritif.<\/p>","_et_gb_content_width":""},"product_brand":[],"product_cat":[22],"product_tag":[],"class_list":{"0":"post-244","1":"product","2":"type-product","3":"status-publish","4":"has-post-thumbnail","6":"product_cat-liqueur","8":"first","9":"instock","10":"taxable","11":"shipping-taxable","12":"purchasable","13":"product-type-simple"},"_links":{"self":[{"href":"https:\/\/www.liecoeur-desalpes.fr\/index.php\/wp-json\/wp\/v2\/product\/244","targetHints":{"allow":["GET"]}}],"collection":[{"href":"https:\/\/www.liecoeur-desalpes.fr\/index.php\/wp-json\/wp\/v2\/product"}],"about":[{"href":"https:\/\/www.liecoeur-desalpes.fr\/index.php\/wp-json\/wp\/v2\/types\/product"}],"replies":[{"embeddable":true,"href":"https:\/\/www.liecoeur-desalpes.fr\/index.php\/wp-json\/wp\/v2\/comments?post=244"}],"wp:featuredmedia":[{"embeddable":true,"href":"https:\/\/www.liecoeur-desalpes.fr\/index.php\/wp-json\/wp\/v2\/media\/279"}],"wp:attachment":[{"href":"https:\/\/www.liecoeur-desalpes.fr\/index.php\/wp-json\/wp\/v2\/media?parent=244"}],"wp:term":[{"taxonomy":"product_brand","embeddable":true,"href":"https:\/\/www.liecoeur-desalpes.fr\/index.php\/wp-json\/wp\/v2\/product_brand?post=244"},{"taxonomy":"product_cat","embeddable":true,"href":"https:\/\/www.liecoeur-desalpes.fr\/index.php\/wp-json\/wp\/v2\/product_cat?post=244"},{"taxonomy":"product_tag","embeddable":true,"href":"https:\/\/www.liecoeur-desalpes.fr\/index.php\/wp-json\/wp\/v2\/product_tag?post=244"}],"curies":[{"name":"wp","href":"https:\/\/api.w.org\/{rel}","templated":true}]}}